{"id":10,"date":"2026-01-26T08:50:03","date_gmt":"2026-01-26T08:50:03","guid":{"rendered":"https:\/\/baker-odkup.si\/?page_id=10"},"modified":"2026-01-30T07:49:32","modified_gmt":"2026-01-30T07:49:32","slug":"home","status":"publish","type":"page","link":"https:\/\/baker-odkup.si\/","title":{"rendered":"Home"},"content":{"rendered":"\n<div class=\"wp-block-group alignwide has-background is-layout-constrained wp-container-core-group-is-layout-d0ca9047 wp-block-group-is-layout-constrained\" style=\"background-color:#28c98e21;min-height:0px;margin-top:0;margin-bottom:0;padding-top:var(--wp--preset--spacing--80);padding-bottom:var(--wp--preset--spacing--80)\">\n<div class=\"wp-block-columns is-layout-flex wp-container-core-columns-is-layout-28f84493 wp-block-columns-is-layout-flex\" style=\"border-style:none;border-width:0px;border-top-left-radius:0px;border-top-right-radius:0px;border-bottom-left-radius:0px;border-bottom-right-radius:0px\">\n<div class=\"wp-block-column is-layout-flow wp-block-column-is-layout-flow\">\n<h1 class=\"wp-block-heading has-text-align-left has-black-color has-text-color\" style=\"font-size:50px\">Odkupujemo vse vrste bakra in odpadnih kablov!<\/h1>\n\n\n\n<p class=\"has-white-color has-text-color has-ast-global-color-8-color has-link-color wp-elements-223f3d5c7e9343c4a2e0ec05dec6aac5\">Odkupujemo baker in predelujemo vse vrste odpadnih kablov.<\/p>\n\n\n\n<p class=\"has-white-color has-text-color has-ast-global-color-8-color has-link-color wp-elements-f47ee8fde63b382a7d3ce9bf4612aab7\">Imate baker ali odpadne kable, ki vam zavzemajo prostor v va\u0161em skladi\u0161\u010du, gara\u017ei ali na gradbi\u0161\u010du?<\/p>\n\n\n\n<p><\/p>\n\n\n\n<div class=\"wp-block-buttons is-layout-flex wp-block-buttons-is-layout-flex\">\n<div class=\"wp-block-button\"><a class=\"wp-block-button__link wp-element-button\" href=\"tel:040213206\">POKLI\u010cI NAS<\/a><\/div>\n\n\n\n<div class=\"wp-block-button\"><a class=\"wp-block-button__link wp-element-button\" href=\"mailto:info@deguel.si\">PI\u0160I NAM<\/a><\/div>\n<\/div>\n<\/div>\n\n\n\n<div class=\"wp-block-column is-layout-flow wp-block-column-is-layout-flow\">\n<figure class=\"wp-block-image size-full\"><img loading=\"lazy\" decoding=\"async\" width=\"1122\" height=\"631\" src=\"https:\/\/baker-odkup.si\/wp-content\/uploads\/2026\/01\/baker_1-3.webp\" alt=\"\" class=\"wp-image-196\" srcset=\"https:\/\/baker-odkup.si\/wp-content\/uploads\/2026\/01\/baker_1-3.webp 1122w, https:\/\/baker-odkup.si\/wp-content\/uploads\/2026\/01\/baker_1-3-300x169.webp 300w, https:\/\/baker-odkup.si\/wp-content\/uploads\/2026\/01\/baker_1-3-1024x576.webp 1024w, https:\/\/baker-odkup.si\/wp-content\/uploads\/2026\/01\/baker_1-3-768x432.webp 768w\" sizes=\"auto, (max-width: 1122px) 100vw, 1122px\" \/><\/figure>\n<\/div>\n<\/div>\n<\/div>\n\n\n\n<div class=\"wp-block-group alignfull is-layout-constrained wp-container-core-group-is-layout-8408a55e wp-block-group-is-layout-constrained\" id=\"services\" style=\"margin-top:0;margin-bottom:0;padding-top:0px;padding-bottom:0px\">\n<p class=\"has-text-align-center\"><\/p>\n\n\n\n<div class=\"wp-block-columns is-layout-flex wp-container-core-columns-is-layout-60cbf9bb wp-block-columns-is-layout-flex\" style=\"margin-top:50px\">\n<div class=\"wp-block-column is-layout-flow wp-container-core-column-is-layout-6b73ce23 wp-block-column-is-layout-flow\">\n<figure class=\"wp-block-gallery has-nested-images columns-default is-cropped wp-block-gallery-1 is-layout-flex wp-block-gallery-is-layout-flex\">\n<figure class=\"wp-block-image size-full\" style=\"margin-top:0;margin-right:0;margin-bottom:0;margin-left:0\"><img loading=\"lazy\" decoding=\"async\" width=\"800\" height=\"533\" data-id=\"54\" src=\"https:\/\/baker-odkup.si\/wp-content\/uploads\/2026\/01\/Izdelek-brez-naslova-10-1.png\" alt=\"\" class=\"wp-image-54\" srcset=\"https:\/\/baker-odkup.si\/wp-content\/uploads\/2026\/01\/Izdelek-brez-naslova-10-1.png 800w, https:\/\/baker-odkup.si\/wp-content\/uploads\/2026\/01\/Izdelek-brez-naslova-10-1-300x200.png 300w, https:\/\/baker-odkup.si\/wp-content\/uploads\/2026\/01\/Izdelek-brez-naslova-10-1-768x512.png 768w\" sizes=\"auto, (max-width: 800px) 100vw, 800px\" \/><\/figure>\n<\/figure>\n\n\n\n<h3 class=\"wp-block-heading has-text-align-center\" style=\"margin-top:16px\">Odpadni kabli<\/h3>\n\n\n\n<p class=\"has-text-align-center\">Odkupujemo in zbiramo vse vrste odpadnih kablov &#8211; od najtanj\u0161ih mikro kablov, in\u0161talacijskih kablov do najdebelej\u0161ih industrijskih in telekomunikacijskih kablov.<\/p>\n<\/div>\n\n\n\n<div class=\"wp-block-column is-layout-flow wp-container-core-column-is-layout-6b73ce23 wp-block-column-is-layout-flow\">\n<figure class=\"wp-block-image size-full\"><img loading=\"lazy\" decoding=\"async\" width=\"2000\" height=\"1335\" src=\"https:\/\/baker-odkup.si\/wp-content\/uploads\/2026\/01\/baker_5-1.webp\" alt=\"\" class=\"wp-image-190\" style=\"aspect-ratio:1.499323593073593\" srcset=\"https:\/\/baker-odkup.si\/wp-content\/uploads\/2026\/01\/baker_5-1.webp 2000w, https:\/\/baker-odkup.si\/wp-content\/uploads\/2026\/01\/baker_5-1-300x200.webp 300w, https:\/\/baker-odkup.si\/wp-content\/uploads\/2026\/01\/baker_5-1-1024x684.webp 1024w, https:\/\/baker-odkup.si\/wp-content\/uploads\/2026\/01\/baker_5-1-768x513.webp 768w, https:\/\/baker-odkup.si\/wp-content\/uploads\/2026\/01\/baker_5-1-1536x1025.webp 1536w\" sizes=\"auto, (max-width: 2000px) 100vw, 2000px\" \/><\/figure>\n\n\n\n<h3 class=\"wp-block-heading has-text-align-center\" style=\"margin-top:16px\">Baker<\/h3>\n\n\n\n<p class=\"has-text-align-center\">Hiter in enostaven odkup vseh vrst in kakovosti bakra.<\/p>\n<\/div>\n\n\n\n<div class=\"wp-block-column is-layout-flow wp-container-core-column-is-layout-6b73ce23 wp-block-column-is-layout-flow\">\n<figure class=\"wp-block-image size-full\"><img loading=\"lazy\" decoding=\"async\" width=\"800\" height=\"533\" src=\"https:\/\/baker-odkup.si\/wp-content\/uploads\/2026\/01\/Izdelek-brez-naslova.png\" alt=\"\" class=\"wp-image-95\" srcset=\"https:\/\/baker-odkup.si\/wp-content\/uploads\/2026\/01\/Izdelek-brez-naslova.png 800w, https:\/\/baker-odkup.si\/wp-content\/uploads\/2026\/01\/Izdelek-brez-naslova-300x200.png 300w, https:\/\/baker-odkup.si\/wp-content\/uploads\/2026\/01\/Izdelek-brez-naslova-768x512.png 768w\" sizes=\"auto, (max-width: 800px) 100vw, 800px\" \/><\/figure>\n\n\n\n<h3 class=\"wp-block-heading has-text-align-center\" style=\"margin-top:16px\">Varovanje okolja<\/h3>\n\n\n\n<p class=\"has-text-align-center\">Z recikliranjem prispevamo h kro\u017enemu gospodarstvu in aktivno soustvarjamo \u010distej\u0161o, bolj trajnostno prihodnost.<\/p>\n<\/div>\n<\/div>\n<\/div>\n\n\n\n<div class=\"wp-block-group alignfull has-background is-layout-constrained wp-container-core-group-is-layout-df9c7dd8 wp-block-group-is-layout-constrained\" style=\"background-color:#28c98e21;min-height:0px;margin-top:var(--wp--preset--spacing--50);margin-bottom:var(--wp--preset--spacing--50);padding-top:var(--wp--preset--spacing--60);padding-bottom:15px\">\n<div class=\"wp-block-columns are-vertically-aligned-top is-layout-flex wp-container-core-columns-is-layout-6508847a wp-block-columns-is-layout-flex\" style=\"margin-top:0;margin-bottom:0;padding-top:0;padding-right:0;padding-bottom:0;padding-left:0\">\n<div class=\"wp-block-column is-vertically-aligned-top is-layout-flow wp-container-core-column-is-layout-6b73ce23 wp-block-column-is-layout-flow\">\n<figure class=\"wp-block-image size-large\"><img decoding=\"async\" src=\"https:\/\/baker-odkup.si\/wp-content\/themes\/astra\/inc\/assets\/images\/starter-content\/building.svg\" alt=\"\" class=\"wp-image-134\"\/><\/figure>\n\n\n\n<h3 class=\"wp-block-heading has-text-align-left\" style=\"margin-top:16px\">Prevzem na va\u0161i lokaciji<\/h3>\n\n\n\n<p class=\"has-text-align-left\">Organiziramo brezpla\u010den prevzem kablov po vsej Sloveniji. Oziroma jih vi pripeljete k nam<\/p>\n<\/div>\n\n\n\n<div class=\"wp-block-column is-vertically-aligned-top is-layout-flow wp-container-core-column-is-layout-6b73ce23 wp-block-column-is-layout-flow\">\n<figure class=\"wp-block-image size-large\"><img decoding=\"async\" src=\"https:\/\/baker-odkup.si\/wp-content\/themes\/astra\/inc\/assets\/images\/starter-content\/shopping-bag.svg\" alt=\"\" class=\"wp-image-135\"\/><\/figure>\n\n\n\n<h3 class=\"wp-block-heading has-text-align-left\" style=\"margin-top:16px\">Odli\u010dne cene<\/h3>\n\n\n\n<p class=\"has-text-align-left\">Zagotovljene najbolj\u0161e odkupne cene. Pla\u010dilo v gotovini ali z nakazilom na ra\u010dun.<\/p>\n<\/div>\n\n\n\n<div class=\"wp-block-column is-vertically-aligned-top is-layout-flow wp-container-core-column-is-layout-6b73ce23 wp-block-column-is-layout-flow\">\n<figure class=\"wp-block-image size-large\"><img decoding=\"async\" src=\"https:\/\/baker-odkup.si\/wp-content\/themes\/astra\/inc\/assets\/images\/starter-content\/blog.svg\" alt=\"\" class=\"wp-image-136\"\/><\/figure>\n\n\n\n<h3 class=\"wp-block-heading has-text-align-left\" style=\"margin-top:16px\">Hiter odziv<\/h3>\n\n\n\n<p class=\"has-text-align-left\">Hiter odziv in strokovna obdelava.<\/p>\n<\/div>\n\n\n\n<div class=\"wp-block-column is-vertically-aligned-top is-layout-flow wp-container-core-column-is-layout-6b73ce23 wp-block-column-is-layout-flow\">\n<figure class=\"wp-block-image size-large\"><img decoding=\"async\" src=\"https:\/\/baker-odkup.si\/wp-content\/themes\/astra\/inc\/assets\/images\/starter-content\/portfolio.svg\" alt=\"\" class=\"wp-image-137\"\/><\/figure>\n\n\n\n<h3 class=\"wp-block-heading has-text-align-left\" style=\"margin-top:16px\">Ustrezna dovoljenja<\/h3>\n\n\n\n<p class=\"has-text-align-left\">Imamo vsa potrebna dovoljenja za zbiranje in predelavo odpadnih kovin.<\/p>\n<\/div>\n<\/div>\n<\/div>\n\n\n\n<div id=\"onas\" class=\"wp-block-group is-layout-constrained wp-block-group-is-layout-constrained\" style=\"padding-top:var(--wp--preset--spacing--40);padding-bottom:var(--wp--preset--spacing--40)\">\n<div class=\"wp-block-columns is-layout-flex wp-container-core-columns-is-layout-28f84493 wp-block-columns-is-layout-flex\">\n<div class=\"wp-block-column is-layout-flow wp-block-column-is-layout-flow\">\n<p class=\"has-black-color has-text-color has-link-color wp-elements-5ae3af0bdda4867c495d5b654384504a\">KONTAKT:<\/p>\n\n\n\n<p class=\"has-black-color has-text-color has-link-color wp-elements-3121d323f587ccbf21c84da729af06b4\">DEGUEL d.o.o.<br>Zagreb\u0161ka cesta 40a<br>2000 MARIBOR<\/p>\n\n\n\n<p class=\"has-black-color has-text-color has-link-color wp-elements-411c8805f82c25478a32ad8ef4808f20\">T: <a href=\"tel:040213206\">040 213 206<\/a><br><a href=\"mailto:info@deguel.si\">info@deguel.si<\/a><\/p>\n\n\n\n<p class=\"has-black-color has-text-color has-link-color wp-elements-ff7c9eec5ea9cbacdebe7268990de09f\">Delovni \u010das:<br>ponedeljek &#8211; petek: 8:00 &#8211; 15:30<br>sobota in nedelja: po dogovoru<\/p>\n<\/div>\n\n\n\n<div class=\"wp-block-column is-layout-flow wp-block-column-is-layout-flow\">\n<iframe src=\"https:\/\/www.google.com\/maps\/embed?pb=!1m18!1m12!1m3!1d2744.7910383915064!2d15.659621476859007!3d46.53203667111158!2m3!1f0!2f0!3f0!3m2!1i1024!2i768!4f13.1!3m3!1m2!1s0x476f778e89fe429d%3A0x4fcdd68ea48a44e7!2sDEGUEL%2C%20proizvodnja%2C%20prodaja%2C%20storitve%2C%20d.o.o.!5e0!3m2!1ssl!2ssi!4v1769434577540!5m2!1ssl!2ssi\" width=\"600\" height=\"450\" style=\"border:0;\" allowfullscreen=\"\" loading=\"lazy\" referrerpolicy=\"no-referrer-when-downgrade\"><\/iframe>\n<\/div>\n<\/div>\n<\/div>\n\n\n\n\n\n\n\n\n\n\n\n<p><\/p>\n","protected":false},"excerpt":{"rendered":"<p>Odkupujemo vse vrste bakra in odpadnih kablov! Odkupujemo baker in predelujemo vse vrste odpadnih kablov. Imate baker ali odpadne kable, [&hellip;]<\/p>\n","protected":false},"author":1,"featured_media":0,"parent":0,"menu_order":0,"comment_status":"closed","ping_status":"closed","template":"","meta":{"site-sidebar-layout":"no-sidebar","site-content-layout":"plain-container","ast-site-content-layout":"full-width-container","site-content-style":"default","site-sidebar-style":"default","ast-global-header-display":"","ast-banner-title-visibility":"","ast-main-header-display":"","ast-hfb-above-header-display":"","ast-hfb-below-header-display":"","ast-hfb-mobile-header-display":"","site-post-title":"disabled","ast-breadcrumbs-content":"","ast-featured-img":"","footer-sml-layout":"","ast-disable-related-posts":"","theme-transparent-header-meta":"disabled","adv-header-id-meta":"","stick-header-meta":"","header-above-stick-meta":"","header-main-stick-meta":"","header-below-stick-meta":"","astra-migrate-meta-layouts":"default","ast-page-background-enabled":"default","ast-page-background-meta":{"desktop":{"background-color":"var(--ast-global-color-5)","background-image":"","background-repeat":"repeat","background-position":"center center","background-size":"auto","background-attachment":"scroll","background-type":"","background-media":"","overlay-type":"","overlay-color":"","overlay-opacity":"","overlay-gradient":""},"tablet":{"background-color":"","background-image":"","background-repeat":"repeat","background-position":"center center","background-size":"auto","background-attachment":"scroll","background-type":"","background-media":"","overlay-type":"","overlay-color":"","overlay-opacity":"","overlay-gradient":""},"mobile":{"background-color":"","background-image":"","background-repeat":"repeat","background-position":"center center","background-size":"auto","background-attachment":"scroll","background-type":"","background-media":"","overlay-type":"","overlay-color":"","overlay-opacity":"","overlay-gradient":""}},"ast-content-background-meta":{"desktop":{"background-color":"var(--ast-global-color-4)","background-image":"","background-repeat":"repeat","background-position":"center center","background-size":"auto","background-attachment":"scroll","background-type":"","background-media":"","overlay-type":"","overlay-color":"","overlay-opacity":"","overlay-gradient":""},"tablet":{"background-color":"var(--ast-global-color-4)","background-image":"","background-repeat":"repeat","background-position":"center center","background-size":"auto","background-attachment":"scroll","background-type":"","background-media":"","overlay-type":"","overlay-color":"","overlay-opacity":"","overlay-gradient":""},"mobile":{"background-color":"var(--ast-global-color-4)","background-image":"","background-repeat":"repeat","background-position":"center center","background-size":"auto","background-attachment":"scroll","background-type":"","background-media":"","overlay-type":"","overlay-color":"","overlay-opacity":"","overlay-gradient":""}},"footnotes":""},"class_list":["post-10","page","type-page","status-publish","hentry"],"_links":{"self":[{"href":"https:\/\/baker-odkup.si\/index.php\/wp-json\/wp\/v2\/pages\/10","targetHints":{"allow":["GET"]}}],"collection":[{"href":"https:\/\/baker-odkup.si\/index.php\/wp-json\/wp\/v2\/pages"}],"about":[{"href":"https:\/\/baker-odkup.si\/index.php\/wp-json\/wp\/v2\/types\/page"}],"author":[{"embeddable":true,"href":"https:\/\/baker-odkup.si\/index.php\/wp-json\/wp\/v2\/users\/1"}],"replies":[{"embeddable":true,"href":"https:\/\/baker-odkup.si\/index.php\/wp-json\/wp\/v2\/comments?post=10"}],"version-history":[{"count":99,"href":"https:\/\/baker-odkup.si\/index.php\/wp-json\/wp\/v2\/pages\/10\/revisions"}],"predecessor-version":[{"id":225,"href":"https:\/\/baker-odkup.si\/index.php\/wp-json\/wp\/v2\/pages\/10\/revisions\/225"}],"wp:attachment":[{"href":"https:\/\/baker-odkup.si\/index.php\/wp-json\/wp\/v2\/media?parent=10"}],"curies":[{"name":"wp","href":"https:\/\/api.w.org\/{rel}","templated":true}]}}